{"id":27,"date":"2019-10-02T12:26:26","date_gmt":"2019-10-02T10:26:26","guid":{"rendered":"https:\/\/worldcapp.com\/app\/rules\/?page_id=27"},"modified":"2020-08-06T16:55:06","modified_gmt":"2020-08-06T14:55:06","slug":"worldcapp-oggetto-sociale","status":"publish","type":"page","link":"https:\/\/worldcapp.com\/app\/rules\/","title":{"rendered":"WorldcApp &#8211; Oggetto Sociale"},"content":{"rendered":"<p style=\"text-align: justify;\">La societ\u00e0 <span style=\"color: #999999;\">(WorldcApp S.r.l.)<\/span> ha per oggetto lo sviluppo, la produzione e la commercializzazione di prodotti o servizi innovativi ad alto valore tecnologico e pi\u00f9 specificamente: la commercializzazione di servizi di advertising e digital marketing erogati con il supporto di una piattaforma tecnologica di propriet\u00e0, anche in collaborazione con partner radunati e selezionati attraverso la pubblicazione di prodotti editoriali.<\/p>\n<p style=\"text-align: justify;\">La societ\u00e0 potr\u00e0 altres\u00ec esercitare le seguenti attivit\u00e0:<\/p>\n<p style=\"text-align: justify;\">attivit\u00e0 editoriali con modalit\u00e0 digitale e cartacea, collegate direttamente o indirettamente alla gestione della piattaforma, in ogni forma ammessa dalla legge, tra cui la pubblicazione di prodotti editoriali senza carattere di periodicit\u00e0 e pertanto, conformemente a quanto disposto dall&#8217;articolo 1 della legge n. 62 del 7 marzo 2001, esclusi dagli obblighi previsti dall&#8217;articolo 5 della legge n. 47 del 1948, fino a quando non intervenga l&#8217;esigenza di pubblicare con cadenza regolare e periodica.<\/p>\n<p style=\"text-align: justify;\">Lo studio, l&#8217;ideazione, la realizzazione, la pianificazione e il coordinamento di campagne pubblicitarie, progetti multimediali, attivit\u00e0 promozionali e di marketing, concorsi, eventi da proporsi sia attraverso mezzi classici di comunicazione, quali televisione, stampa, affissioni, radio, cinema, nonch\u00e8 attraverso qualsiasi altro mezzo e\/o media interattivo consentito dall&#8217;evoluzione tecnologica quali internet, intranet, extranet, webtv, e-mail, e-commerce, fonia interattiva.<\/p>\n<p>Ulteriori dettagli <a href=\"http:\/\/startup.registroimprese.it\/isin\/dettaglioStartup?1&amp;id=KXU3bCJQBfS92AJOXqJVKg%2BWNunnByQrx6wuUwbhow%3D%3D\" target=\"_blank\" rel=\"noopener noreferrer\">QUI<\/a>.<\/p>\n","protected":false},"excerpt":{"rendered":"<p>La societ\u00e0 (WorldcApp S.r.l.) ha per oggetto lo sviluppo, la produzione e la commercializzazione di prodotti o servizi innovativi ad alto valore tecnologico e pi\u00f9 specificamente: la commercializzazione di servizi di advertising e digital marketing erogati con il supporto di una piattaforma tecnologica di propriet\u00e0, anche in collaborazione con partner radunati e selezionati attraverso la &hellip; <\/p>\n<p class=\"link-more\"><a href=\"https:\/\/worldcapp.com\/app\/rules\/\" class=\"more-link\">Leggi tutto<span class=\"screen-reader-text\"> &#8220;WorldcApp &#8211; Oggetto Sociale&#8221;<\/span><\/a><\/p>\n","protected":false},"author":1,"featured_media":0,"parent":0,"menu_order":0,"comment_status":"closed","ping_status":"closed","template":"","meta":{"footnotes":"","_links_to":"","_links_to_target":""},"class_list":["post-27","page","type-page","status-publish","hentry","entry"],"_links":{"self":[{"href":"https:\/\/worldcapp.com\/app\/rules\/wp-json\/wp\/v2\/pages\/27","targetHints":{"allow":["GET"]}}],"collection":[{"href":"https:\/\/worldcapp.com\/app\/rules\/wp-json\/wp\/v2\/pages"}],"about":[{"href":"https:\/\/worldcapp.com\/app\/rules\/wp-json\/wp\/v2\/types\/page"}],"author":[{"embeddable":true,"href":"https:\/\/worldcapp.com\/app\/rules\/wp-json\/wp\/v2\/users\/1"}],"replies":[{"embeddable":true,"href":"https:\/\/worldcapp.com\/app\/rules\/wp-json\/wp\/v2\/comments?post=27"}],"version-history":[{"count":0,"href":"https:\/\/worldcapp.com\/app\/rules\/wp-json\/wp\/v2\/pages\/27\/revisions"}],"wp:attachment":[{"href":"https:\/\/worldcapp.com\/app\/rules\/wp-json\/wp\/v2\/media?parent=27"}],"curies":[{"name":"wp","href":"https:\/\/api.w.org\/{rel}","templated":true}]}}